{"id":31065,"date":"2025-03-04T02:35:31","date_gmt":"2025-03-04T08:35:31","guid":{"rendered":"https:\/\/dellait.com\/contact-us-beef\/"},"modified":"2025-09-29T12:18:48","modified_gmt":"2025-09-29T17:18:48","slug":"contact-us-beef","status":"publish","type":"page","link":"https:\/\/dellait.com\/es\/contact-us-beef\/","title":{"rendered":"Contacto"},"content":{"rendered":"\t\t<div data-elementor-type=\"wp-page\" data-elementor-id=\"31065\" class=\"elementor elementor-31065 elementor-30733\" data-elementor-post-type=\"page\">\n\t\t\t\t\t\t<section class=\"elementor-section elementor-top-section elementor-element elementor-element-481c5cd5 elementor-section-height-min-height elementor-section-boxed elementor-section-height-default elementor-section-items-middle\" data-id=\"481c5cd5\" data-element_type=\"section\" data-settings=\"{&quot;background_background&quot;:&quot;classic&quot;}\">\n\t\t\t\t\t\t<div class=\"elementor-container elementor-column-gap-default\">\n\t\t\t\t\t<div class=\"elementor-column elementor-col-100 elementor-top-column elementor-element elementor-element-6252c7db\" data-id=\"6252c7db\" data-element_type=\"column\">\n\t\t\t<div class=\"elementor-widget-wrap elementor-element-populated\">\n\t\t\t\t\t\t<div class=\"elementor-element elementor-element-12045b43 elementor-widget elementor-widget-heading\" data-id=\"12045b43\" data-element_type=\"widget\" data-widget_type=\"heading.default\">\n\t\t\t\t<div class=\"elementor-widget-container\">\n\t\t\t\t\t<h1 class=\"elementor-heading-title elementor-size-default\">Contacto<\/h1>\t\t\t\t<\/div>\n\t\t\t\t<\/div>\n\t\t\t\t\t<\/div>\n\t\t<\/div>\n\t\t\t\t\t<\/div>\n\t\t<\/section>\n\t\t\t\t<section class=\"elementor-section elementor-top-section elementor-element elementor-element-38f44be0 elementor-section-boxed elementor-section-height-default elementor-section-height-default\" data-id=\"38f44be0\" data-element_type=\"section\">\n\t\t\t\t\t\t<div class=\"elementor-container elementor-column-gap-default\">\n\t\t\t\t\t<div class=\"elementor-column elementor-col-100 elementor-top-column elementor-element elementor-element-4a433a6b\" data-id=\"4a433a6b\" data-element_type=\"column\">\n\t\t\t<div class=\"elementor-widget-wrap elementor-element-populated\">\n\t\t\t\t\t\t<div class=\"elementor-element elementor-element-4df029bb elementor-widget elementor-widget-breadcrumbs\" data-id=\"4df029bb\" data-element_type=\"widget\" data-widget_type=\"breadcrumbs.default\">\n\t\t\t\t<div class=\"elementor-widget-container\">\n\t\t\t\t\t<p id=\"breadcrumbs\"><span><span><a href=\"https:\/\/dellait.com\/es\/\">Dellait<\/a><\/span><\/span><\/p>\t\t\t\t<\/div>\n\t\t\t\t<\/div>\n\t\t\t\t\t<\/div>\n\t\t<\/div>\n\t\t\t\t\t<\/div>\n\t\t<\/section>\n\t\t\t\t<section class=\"elementor-section elementor-top-section elementor-element elementor-element-160c1564 elementor-section-boxed elementor-section-height-default elementor-section-height-default\" data-id=\"160c1564\" data-element_type=\"section\">\n\t\t\t\t\t\t<div class=\"elementor-container elementor-column-gap-default\">\n\t\t\t\t\t<div class=\"elementor-column elementor-col-100 elementor-top-column elementor-element elementor-element-b70fcba\" data-id=\"b70fcba\" data-element_type=\"column\">\n\t\t\t<div class=\"elementor-widget-wrap elementor-element-populated\">\n\t\t\t\t\t\t<div class=\"elementor-element elementor-element-197cd2bc elementor-widget elementor-widget-heading\" data-id=\"197cd2bc\" data-element_type=\"widget\" data-widget_type=\"heading.default\">\n\t\t\t\t<div class=\"elementor-widget-container\">\n\t\t\t\t\t<p class=\"elementor-heading-title elementor-size-default\">Contacto<\/p>\t\t\t\t<\/div>\n\t\t\t\t<\/div>\n\t\t\t\t<div class=\"elementor-element elementor-element-5792ff01 elementor-widget-divider--view-line elementor-widget elementor-widget-divider\" data-id=\"5792ff01\" data-element_type=\"widget\" data-widget_type=\"divider.default\">\n\t\t\t\t<div class=\"elementor-widget-container\">\n\t\t\t\t\t\t\t<div class=\"elementor-divider\">\n\t\t\t<span class=\"elementor-divider-separator\">\n\t\t\t\t\t\t<\/span>\n\t\t<\/div>\n\t\t\t\t\t\t<\/div>\n\t\t\t\t<\/div>\n\t\t\t\t<div class=\"elementor-element elementor-element-5186ea54 elementor-widget elementor-widget-text-editor\" data-id=\"5186ea54\" data-element_type=\"widget\" data-widget_type=\"text-editor.default\">\n\t\t\t\t<div class=\"elementor-widget-container\">\n\t\t\t\t\t\t\t\t\t<p>Gracias por su inter\u00e9s en Dellait &#8211; Nutrici\u00f3n y Salud Animal. Por favor, rellene el siguiente formulario para hacer una pregunta.<\/p>\n<p>Para consultas o peticiones que requieran una respuesta m\u00e1s personal, haremos todo lo posible para responder de manera oportuna. O, si lo prefiere, p\u00f3ngase en contacto con nosotros por tel\u00e9fono o WhatsApp.<\/p>\n<p>Los campos marcados con un asterisco (*) son obligatorios.<\/p>\n\t\t\t\t\t\t\t\t<\/div>\n\t\t\t\t<\/div>\n\t\t\t\t\t<\/div>\n\t\t<\/div>\n\t\t\t\t\t<\/div>\n\t\t<\/section>\n\t\t\t\t<section class=\"elementor-section elementor-top-section elementor-element elementor-element-54556168 elementor-section-height-min-height elementor-section-boxed elementor-section-height-default elementor-section-items-middle\" data-id=\"54556168\" data-element_type=\"section\" data-settings=\"{&quot;background_background&quot;:&quot;classic&quot;}\">\n\t\t\t\t\t\t\t<div class=\"elementor-background-overlay\"><\/div>\n\t\t\t\t\t\t\t<div class=\"elementor-container elementor-column-gap-default\">\n\t\t\t\t\t<div class=\"elementor-column elementor-col-50 elementor-top-column elementor-element elementor-element-58c8c0c2\" data-id=\"58c8c0c2\" data-element_type=\"column\">\n\t\t\t<div class=\"elementor-widget-wrap elementor-element-populated\">\n\t\t\t\t\t\t<div class=\"elementor-element elementor-element-2a6a72fb elementor-view-stacked elementor-position-left elementor-shape-circle elementor-mobile-position-top elementor-widget elementor-widget-icon-box\" data-id=\"2a6a72fb\" data-element_type=\"widget\" data-widget_type=\"icon-box.default\">\n\t\t\t\t<div class=\"elementor-widget-container\">\n\t\t\t\t\t\t\t<div class=\"elementor-icon-box-wrapper\">\n\n\t\t\t\t\t\t<div class=\"elementor-icon-box-icon\">\n\t\t\t\t<span  class=\"elementor-icon\">\n\t\t\t\t<i aria-hidden=\"true\" class=\"fas fa-house-damage\"><\/i>\t\t\t\t<\/span>\n\t\t\t<\/div>\n\t\t\t\n\t\t\t\t\t\t<div class=\"elementor-icon-box-content\">\n\n\t\t\t\t\t\t\t\t\t<h3 class=\"elementor-icon-box-title\">\n\t\t\t\t\t\t<span  >\n\t\t\t\t\t\t\tDellait - Animal Nutrition and Health\t\t\t\t\t\t<\/span>\n\t\t\t\t\t<\/h3>\n\t\t\t\t\n\t\t\t\t\n\t\t\t<\/div>\n\t\t\t\n\t\t<\/div>\n\t\t\t\t\t\t<\/div>\n\t\t\t\t<\/div>\n\t\t\t\t<div class=\"elementor-element elementor-element-417c0b9d elementor-widget-divider--view-line elementor-widget elementor-widget-divider\" data-id=\"417c0b9d\" data-element_type=\"widget\" data-widget_type=\"divider.default\">\n\t\t\t\t<div class=\"elementor-widget-container\">\n\t\t\t\t\t\t\t<div class=\"elementor-divider\">\n\t\t\t<span class=\"elementor-divider-separator\">\n\t\t\t\t\t\t<\/span>\n\t\t<\/div>\n\t\t\t\t\t\t<\/div>\n\t\t\t\t<\/div>\n\t\t\t\t<div class=\"elementor-element elementor-element-351b697c elementor-view-stacked elementor-position-left elementor-shape-circle elementor-mobile-position-top elementor-widget elementor-widget-icon-box\" data-id=\"351b697c\" data-element_type=\"widget\" data-widget_type=\"icon-box.default\">\n\t\t\t\t<div class=\"elementor-widget-container\">\n\t\t\t\t\t\t\t<div class=\"elementor-icon-box-wrapper\">\n\n\t\t\t\t\t\t<div class=\"elementor-icon-box-icon\">\n\t\t\t\t<span  class=\"elementor-icon\">\n\t\t\t\t<i aria-hidden=\"true\" class=\"fas fa-envelope\"><\/i>\t\t\t\t<\/span>\n\t\t\t<\/div>\n\t\t\t\n\t\t\t\t\t\t<div class=\"elementor-icon-box-content\">\n\n\t\t\t\t\t\t\t\t\t<h3 class=\"elementor-icon-box-title\">\n\t\t\t\t\t\t<span  >\n\t\t\t\t\t\t\tinfo@dellait.com\t\t\t\t\t\t<\/span>\n\t\t\t\t\t<\/h3>\n\t\t\t\t\n\t\t\t\t\n\t\t\t<\/div>\n\t\t\t\n\t\t<\/div>\n\t\t\t\t\t\t<\/div>\n\t\t\t\t<\/div>\n\t\t\t\t\t<\/div>\n\t\t<\/div>\n\t\t\t\t<div class=\"elementor-column elementor-col-50 elementor-top-column elementor-element elementor-element-13197e7b\" data-id=\"13197e7b\" data-element_type=\"column\">\n\t\t\t<div class=\"elementor-widget-wrap elementor-element-populated\">\n\t\t\t\t\t\t<div class=\"elementor-element elementor-element-6861efe3 elementor-view-stacked elementor-position-left elementor-shape-circle elementor-mobile-position-top elementor-widget elementor-widget-icon-box\" data-id=\"6861efe3\" data-element_type=\"widget\" data-widget_type=\"icon-box.default\">\n\t\t\t\t<div class=\"elementor-widget-container\">\n\t\t\t\t\t\t\t<div class=\"elementor-icon-box-wrapper\">\n\n\t\t\t\t\t\t<div class=\"elementor-icon-box-icon\">\n\t\t\t\t<span  class=\"elementor-icon\">\n\t\t\t\t<i aria-hidden=\"true\" class=\"fas fa-globe\"><\/i>\t\t\t\t<\/span>\n\t\t\t<\/div>\n\t\t\t\n\t\t\t\t\t\t<div class=\"elementor-icon-box-content\">\n\n\t\t\t\t\t\t\t\t\t<h3 class=\"elementor-icon-box-title\">\n\t\t\t\t\t\t<span  >\n\t\t\t\t\t\t\t2301 Research Park Way, 151 - Brookings South Dakota, 57006\t\t\t\t\t\t<\/span>\n\t\t\t\t\t<\/h3>\n\t\t\t\t\n\t\t\t\t\n\t\t\t<\/div>\n\t\t\t\n\t\t<\/div>\n\t\t\t\t\t\t<\/div>\n\t\t\t\t<\/div>\n\t\t\t\t<div class=\"elementor-element elementor-element-7394757a elementor-widget-divider--view-line elementor-widget elementor-widget-divider\" data-id=\"7394757a\" data-element_type=\"widget\" data-widget_type=\"divider.default\">\n\t\t\t\t<div class=\"elementor-widget-container\">\n\t\t\t\t\t\t\t<div class=\"elementor-divider\">\n\t\t\t<span class=\"elementor-divider-separator\">\n\t\t\t\t\t\t<\/span>\n\t\t<\/div>\n\t\t\t\t\t\t<\/div>\n\t\t\t\t<\/div>\n\t\t\t\t\t<\/div>\n\t\t<\/div>\n\t\t\t\t\t<\/div>\n\t\t<\/section>\n\t\t\t\t<section class=\"elementor-section elementor-top-section elementor-element elementor-element-48c66069 elementor-section-boxed elementor-section-height-default elementor-section-height-default\" data-id=\"48c66069\" data-element_type=\"section\">\n\t\t\t\t\t\t<div class=\"elementor-container elementor-column-gap-default\">\n\t\t\t\t\t<div class=\"elementor-column elementor-col-50 elementor-top-column elementor-element elementor-element-51bf66e3\" data-id=\"51bf66e3\" data-element_type=\"column\">\n\t\t\t<div class=\"elementor-widget-wrap elementor-element-populated\">\n\t\t\t\t\t\t<div class=\"elementor-element elementor-element-ed326c3 elementor-widget elementor-widget-heading\" data-id=\"ed326c3\" data-element_type=\"widget\" data-widget_type=\"heading.default\">\n\t\t\t\t<div class=\"elementor-widget-container\">\n\t\t\t\t\t<p class=\"elementor-heading-title elementor-size-default\">Formulario de Contacto<\/p>\t\t\t\t<\/div>\n\t\t\t\t<\/div>\n\t\t\t\t<div class=\"elementor-element elementor-element-34ba17e elementor-widget elementor-widget-shortcode\" data-id=\"34ba17e\" data-element_type=\"widget\" data-widget_type=\"shortcode.default\">\n\t\t\t\t<div class=\"elementor-widget-container\">\n\t\t\t\t\t\t\t<div class=\"elementor-shortcode\">\n\t\t\t\t\t\t<script>\n\t\t\t\t\t\t\twindow.hsFormsOnReady = window.hsFormsOnReady || [];\n\t\t\t\t\t\t\twindow.hsFormsOnReady.push(()=>{\n\t\t\t\t\t\t\t\thbspt.forms.create({\n\t\t\t\t\t\t\t\t\tportalId: 39485770,\n\t\t\t\t\t\t\t\t\tformId: \"e0422e68-b187-4db5-8c7d-715c63683aed\",\n\t\t\t\t\t\t\t\t\ttarget: \"#hbspt-form-1775692482000-4803425899\",\n\t\t\t\t\t\t\t\t\tregion: \"na1\",\n\t\t\t\t\t\t\t\t\t\n\t\t\t\t\t\t\t})});\n\t\t\t\t\t\t<\/script>\n\t\t\t\t\t\t<div class=\"hbspt-form\" id=\"hbspt-form-1775692482000-4803425899\"><\/div><\/div>\n\t\t\t\t\t\t<\/div>\n\t\t\t\t<\/div>\n\t\t\t\t\t<\/div>\n\t\t<\/div>\n\t\t\t\t<div class=\"elementor-column elementor-col-50 elementor-top-column elementor-element elementor-element-7b5a4029\" data-id=\"7b5a4029\" data-element_type=\"column\">\n\t\t\t<div class=\"elementor-widget-wrap elementor-element-populated\">\n\t\t\t\t\t\t<div class=\"elementor-element elementor-element-1fbbcef9 elementor-widget elementor-widget-heading\" data-id=\"1fbbcef9\" data-element_type=\"widget\" data-widget_type=\"heading.default\">\n\t\t\t\t<div class=\"elementor-widget-container\">\n\t\t\t\t\t<p class=\"elementor-heading-title elementor-size-default\">Localizaci\u00f3n <\/p>\t\t\t\t<\/div>\n\t\t\t\t<\/div>\n\t\t\t\t<div class=\"elementor-element elementor-element-1a35a8ab elementor-widget elementor-widget-google_maps\" data-id=\"1a35a8ab\" data-element_type=\"widget\" data-widget_type=\"google_maps.default\">\n\t\t\t\t<div class=\"elementor-widget-container\">\n\t\t\t\t\t\t\t<div class=\"elementor-custom-embed\">\n\t\t\t<iframe loading=\"lazy\"\n\t\t\t\t\tsrc=\"https:\/\/maps.google.com\/maps?q=2301%20Research%20Park%20Way%2C%20Brookings%2C%20SD%2057006%2C%20EE.%20UU.&#038;t=m&#038;z=10&#038;output=embed&#038;iwloc=near\"\n\t\t\t\t\ttitle=\"2301 Research Park Way, Brookings, SD 57006, EE. UU.\"\n\t\t\t\t\taria-label=\"2301 Research Park Way, Brookings, SD 57006, EE. UU.\"\n\t\t\t><\/iframe>\n\t\t<\/div>\n\t\t\t\t\t\t<\/div>\n\t\t\t\t<\/div>\n\t\t\t\t\t<\/div>\n\t\t<\/div>\n\t\t\t\t\t<\/div>\n\t\t<\/section>\n\t\t\t\t<\/div>\n\t\t","protected":false},"excerpt":{"rendered":"<p>Contacto Contacto Gracias por su inter\u00e9s en Dellait &#8211; Nutrici\u00f3n y Salud Animal. Por favor, rellene el siguiente formulario para hacer una pregunta. Para consultas o peticiones que requieran una respuesta m\u00e1s personal, haremos todo lo posible para responder de manera oportuna. O, si lo prefiere, p\u00f3ngase en contacto con nosotros por tel\u00e9fono o WhatsApp. &#8230; <a title=\"Contacto\" class=\"read-more\" href=\"https:\/\/dellait.com\/es\/contact-us-beef\/\" aria-label=\"Leer m\u00e1s sobre Contacto\">Leer m\u00e1s<\/a><\/p>\n","protected":false},"author":1,"featured_media":0,"parent":0,"menu_order":0,"comment_status":"closed","ping_status":"closed","template":"elementor_header_footer","meta":{"_acf_changed":false,"content-type":"","footnotes":""},"class_list":["post-31065","page","type-page","status-publish"],"acf":[],"yoast_head":"<!-- This site is optimized with the Yoast SEO plugin v26.1.1 - https:\/\/yoast.com\/wordpress\/plugins\/seo\/ -->\n<title>Contacto - Animal Nutrition and Health<\/title>\n<meta name=\"robots\" content=\"index, follow, max-snippet:-1, max-image-preview:large, max-video-preview:-1\" \/>\n<link rel=\"canonical\" href=\"https:\/\/dellait.com\/es\/contact-us-beef\/\" \/>\n<meta property=\"og:locale\" content=\"es_ES\" \/>\n<meta property=\"og:type\" content=\"article\" \/>\n<meta property=\"og:title\" content=\"Contacto - Animal Nutrition and Health\" \/>\n<meta property=\"og:description\" content=\"Contacto Contacto Gracias por su inter\u00e9s en Dellait &#8211; Nutrici\u00f3n y Salud Animal. Por favor, rellene el siguiente formulario para hacer una pregunta. Para consultas o peticiones que requieran una respuesta m\u00e1s personal, haremos todo lo posible para responder de manera oportuna. O, si lo prefiere, p\u00f3ngase en contacto con nosotros por tel\u00e9fono o WhatsApp. ... Leer m\u00e1s\" \/>\n<meta property=\"og:url\" content=\"https:\/\/dellait.com\/es\/contact-us-beef\/\" \/>\n<meta property=\"og:site_name\" content=\"Animal Nutrition and Health\" \/>\n<meta property=\"article:publisher\" content=\"https:\/\/www.facebook.com\/Dellait\" \/>\n<meta property=\"article:modified_time\" content=\"2025-09-29T17:18:48+00:00\" \/>\n<!-- \/ Yoast SEO plugin. -->","yoast_head_json":{"title":"Contacto - Animal Nutrition and Health","robots":{"index":"index","follow":"follow","max-snippet":"max-snippet:-1","max-image-preview":"max-image-preview:large","max-video-preview":"max-video-preview:-1"},"canonical":"https:\/\/dellait.com\/es\/contact-us-beef\/","og_locale":"es_ES","og_type":"article","og_title":"Contacto - Animal Nutrition and Health","og_description":"Contacto Contacto Gracias por su inter\u00e9s en Dellait &#8211; Nutrici\u00f3n y Salud Animal. Por favor, rellene el siguiente formulario para hacer una pregunta. Para consultas o peticiones que requieran una respuesta m\u00e1s personal, haremos todo lo posible para responder de manera oportuna. O, si lo prefiere, p\u00f3ngase en contacto con nosotros por tel\u00e9fono o WhatsApp. ... Leer m\u00e1s","og_url":"https:\/\/dellait.com\/es\/contact-us-beef\/","og_site_name":"Animal Nutrition and Health","article_publisher":"https:\/\/www.facebook.com\/Dellait","article_modified_time":"2025-09-29T17:18:48+00:00","schema":{"@context":"https:\/\/schema.org","@graph":[{"@type":"WebPage","@id":"https:\/\/dellait.com\/es\/contact-us-beef\/","url":"https:\/\/dellait.com\/es\/contact-us-beef\/","name":"Contacto - Animal Nutrition and Health","isPartOf":{"@id":"https:\/\/dellait.com\/es\/#website"},"datePublished":"2025-03-04T08:35:31+00:00","dateModified":"2025-09-29T17:18:48+00:00","breadcrumb":{"@id":"https:\/\/dellait.com\/es\/contact-us-beef\/#breadcrumb"},"inLanguage":"es","potentialAction":[{"@type":"ReadAction","target":["https:\/\/dellait.com\/es\/contact-us-beef\/"]}]},{"@type":"BreadcrumbList","@id":"https:\/\/dellait.com\/es\/contact-us-beef\/#breadcrumb","itemListElement":[{"@type":"ListItem","position":1,"name":"Dellait","item":"https:\/\/dellait.com\/es\/"},{"@type":"ListItem","position":2,"name":"Contacto"}]},{"@type":"WebSite","@id":"https:\/\/dellait.com\/es\/#website","url":"https:\/\/dellait.com\/es\/","name":"Animal Nutrition and Health","description":"Dellait es una empresa global de nutrici\u00f3n y salud animal, que ofrece servicios y soluciones a la industria ganadera.","publisher":{"@id":"https:\/\/dellait.com\/es\/#organization"},"potentialAction":[{"@type":"SearchAction","target":{"@type":"EntryPoint","urlTemplate":"https:\/\/dellait.com\/es\/?s={search_term_string}"},"query-input":{"@type":"PropertyValueSpecification","valueRequired":true,"valueName":"search_term_string"}}],"inLanguage":"es"},{"@type":"Organization","@id":"https:\/\/dellait.com\/es\/#organization","name":"Dellait","url":"https:\/\/dellait.com\/es\/","logo":{"@type":"ImageObject","inLanguage":"es","@id":"https:\/\/dellait.com\/es\/#\/schema\/logo\/image\/","url":"https:\/\/dellait.com\/wp-content\/uploads\/2021\/03\/00-Logo-dellait-letra-azul-fondo-trasparente-v2.png","contentUrl":"https:\/\/dellait.com\/wp-content\/uploads\/2021\/03\/00-Logo-dellait-letra-azul-fondo-trasparente-v2.png","width":692,"height":175,"caption":"Dellait"},"image":{"@id":"https:\/\/dellait.com\/es\/#\/schema\/logo\/image\/"},"sameAs":["https:\/\/www.facebook.com\/Dellait","https:\/\/x.com\/DellaitLLC","https:\/\/www.linkedin.com\/company\/19157485"]}]}},"_links":{"self":[{"href":"https:\/\/dellait.com\/es\/wp-json\/wp\/v2\/pages\/31065","targetHints":{"allow":["GET"]}}],"collection":[{"href":"https:\/\/dellait.com\/es\/wp-json\/wp\/v2\/pages"}],"about":[{"href":"https:\/\/dellait.com\/es\/wp-json\/wp\/v2\/types\/page"}],"author":[{"embeddable":true,"href":"https:\/\/dellait.com\/es\/wp-json\/wp\/v2\/users\/1"}],"replies":[{"embeddable":true,"href":"https:\/\/dellait.com\/es\/wp-json\/wp\/v2\/comments?post=31065"}],"version-history":[{"count":18,"href":"https:\/\/dellait.com\/es\/wp-json\/wp\/v2\/pages\/31065\/revisions"}],"predecessor-version":[{"id":34978,"href":"https:\/\/dellait.com\/es\/wp-json\/wp\/v2\/pages\/31065\/revisions\/34978"}],"wp:attachment":[{"href":"https:\/\/dellait.com\/es\/wp-json\/wp\/v2\/media?parent=31065"}],"curies":[{"name":"wp","href":"https:\/\/api.w.org\/{rel}","templated":true}]}}